{"id":86,"date":"2025-12-02T11:24:06","date_gmt":"2025-12-02T14:24:06","guid":{"rendered":"https:\/\/seucrediario.com.br\/?page_id=86"},"modified":"2025-12-11T12:35:29","modified_gmt":"2025-12-11T15:35:29","slug":"86-2","status":"publish","type":"page","link":"https:\/\/seucrediario.com.br\/","title":{"rendered":""},"content":{"rendered":"\n<div class=\"wp-block-media-text is-stacked-on-mobile\"><figure class=\"wp-block-media-text__media\"><img fetchpriority=\"high\" decoding=\"async\" width=\"1024\" height=\"745\" src=\"http:\/\/seucrediario.com.br\/wp-content\/uploads\/2025\/12\/mbr-1-1024x745.png\" alt=\"\" class=\"wp-image-95 size-full\" srcset=\"https:\/\/seucrediario.com.br\/wp-content\/uploads\/2025\/12\/mbr-1-1024x745.png 1024w, https:\/\/seucrediario.com.br\/wp-content\/uploads\/2025\/12\/mbr-1-300x218.png 300w, https:\/\/seucrediario.com.br\/wp-content\/uploads\/2025\/12\/mbr-1-768x559.png 768w, https:\/\/seucrediario.com.br\/wp-content\/uploads\/2025\/12\/mbr-1-1536x1118.png 1536w, https:\/\/seucrediario.com.br\/wp-content\/uploads\/2025\/12\/mbr-1.png 1920w\" sizes=\"(max-width: 1024px) 100vw, 1024px\" \/><\/figure><div class=\"wp-block-media-text__content\">\n<h1 class=\"wp-block-heading has-text-align-center\"><strong>Transforme suas vendas a prazo no Credi\u00e1rio em capital imediato!<\/strong><\/h1>\n\n\n\n<p>Antecipe seus receb\u00edveis e mantenha o fluxo de caixa saud\u00e1vel para escalar o seu varejo com seguran\u00e7a e agilidade.<\/p>\n<\/div><\/div>\n\n\n\n<div class=\"wp-block-media-text has-media-on-the-right is-stacked-on-mobile\"><div class=\"wp-block-media-text__content\">\n<h1 class=\"wp-block-heading has-text-align-left has-x-large-font-size\"><strong>Antecipe seus receb\u00edveis e fa\u00e7a o dinheiro girar a seu favor<\/strong><\/h1>\n\n\n\n<p>A antecipa\u00e7\u00e3o de receb\u00edveis do SEU CREDI\u00c1RIO permite que voc\u00ea transforme suas vendas parceladas em dinheiro no caixa no mesmo dia, de forma segura e transparente.<\/p>\n<\/div><figure class=\"wp-block-media-text__media\"><img decoding=\"async\" width=\"1024\" height=\"724\" src=\"http:\/\/seucrediario.com.br\/wp-content\/uploads\/2025\/12\/mbr-1160x820-1-1024x724.jpg\" alt=\"\" class=\"wp-image-97 size-full\" srcset=\"https:\/\/seucrediario.com.br\/wp-content\/uploads\/2025\/12\/mbr-1160x820-1-1024x724.jpg 1024w, https:\/\/seucrediario.com.br\/wp-content\/uploads\/2025\/12\/mbr-1160x820-1-300x212.jpg 300w, https:\/\/seucrediario.com.br\/wp-content\/uploads\/2025\/12\/mbr-1160x820-1-768x543.jpg 768w, https:\/\/seucrediario.com.br\/wp-content\/uploads\/2025\/12\/mbr-1160x820-1.jpg 1160w\" sizes=\"(max-width: 1024px) 100vw, 1024px\" \/><\/figure><\/div>\n\n\n\n<div class=\"wp-block-group is-nowrap is-layout-flex wp-container-core-group-is-layout-6c531013 wp-block-group-is-layout-flex\"><\/div>\n\n\n\n<h1 class=\"wp-block-heading has-text-align-center\"><strong>Com o dinheiro antecipado voc\u00ea pode:<\/strong><\/h1>\n\n\n\n<div class=\"wp-block-group alignwide is-layout-grid wp-container-core-group-is-layout-884707fd wp-block-group-is-layout-grid\">\n<div class=\"wp-block-group wp-container-content-bc2bfd5b is-layout-grid wp-container-core-group-is-layout-a9535673 wp-block-group-is-layout-grid\">\n<figure class=\"wp-block-image size-full\"><img decoding=\"async\" width=\"800\" height=\"533\" src=\"http:\/\/seucrediario.com.br\/wp-content\/uploads\/2025\/12\/mbr-3.jpg\" alt=\"\" class=\"wp-image-100\" srcset=\"https:\/\/seucrediario.com.br\/wp-content\/uploads\/2025\/12\/mbr-3.jpg 800w, https:\/\/seucrediario.com.br\/wp-content\/uploads\/2025\/12\/mbr-3-300x200.jpg 300w, https:\/\/seucrediario.com.br\/wp-content\/uploads\/2025\/12\/mbr-3-768x512.jpg 768w\" sizes=\"(max-width: 800px) 100vw, 800px\" \/><\/figure>\n\n\n\n<h4 class=\"wp-block-heading has-text-align-center\"><strong>Negociar melhores condi\u00e7\u00f5es com fornecedores<\/strong><\/h4>\n<\/div>\n\n\n\n<div class=\"wp-block-group is-layout-grid wp-container-core-group-is-layout-478b6e6b wp-block-group-is-layout-grid\">\n<figure class=\"wp-block-image size-full wp-container-content-69bc4bdf\"><img loading=\"lazy\" decoding=\"async\" width=\"800\" height=\"531\" src=\"http:\/\/seucrediario.com.br\/wp-content\/uploads\/2025\/12\/mbr-4.jpg\" alt=\"\" class=\"wp-image-101\" style=\"object-fit:cover\" srcset=\"https:\/\/seucrediario.com.br\/wp-content\/uploads\/2025\/12\/mbr-4.jpg 800w, https:\/\/seucrediario.com.br\/wp-content\/uploads\/2025\/12\/mbr-4-300x199.jpg 300w, https:\/\/seucrediario.com.br\/wp-content\/uploads\/2025\/12\/mbr-4-768x510.jpg 768w\" sizes=\"(max-width: 800px) 100vw, 800px\" \/><\/figure>\n\n\n\n<p><\/p>\n\n\n\n<h4 class=\"wp-block-heading has-text-align-center\"><strong>Aproveitar oportunidades de compra e lucratividade<\/strong><br><br><\/h4>\n<\/div>\n\n\n\n<div class=\"wp-block-group is-layout-grid wp-container-core-group-is-layout-478b6e6b wp-block-group-is-layout-grid\">\n<figure class=\"wp-block-image size-full\"><img loading=\"lazy\" decoding=\"async\" width=\"800\" height=\"531\" src=\"http:\/\/seucrediario.com.br\/wp-content\/uploads\/2025\/12\/mbr-6.jpg\" alt=\"\" class=\"wp-image-102\" srcset=\"https:\/\/seucrediario.com.br\/wp-content\/uploads\/2025\/12\/mbr-6.jpg 800w, https:\/\/seucrediario.com.br\/wp-content\/uploads\/2025\/12\/mbr-6-300x199.jpg 300w, https:\/\/seucrediario.com.br\/wp-content\/uploads\/2025\/12\/mbr-6-768x510.jpg 768w\" sizes=\"(max-width: 800px) 100vw, 800px\" \/><\/figure>\n\n\n\n<h4 class=\"wp-block-heading has-text-align-center\"><strong>Evitar atrasos em pagamentos e juros desnecess\u00e1rios<\/strong><\/h4>\n<\/div>\n<\/div>\n\n\n\n<div class=\"wp-block-group alignwide is-layout-grid wp-container-core-group-is-layout-884707fd wp-block-group-is-layout-grid\">\n<div class=\"wp-block-group wp-container-content-bc2bfd5b is-layout-grid wp-container-core-group-is-layout-a9535673 wp-block-group-is-layout-grid\">\n<figure class=\"wp-block-image size-full\"><img loading=\"lazy\" decoding=\"async\" width=\"596\" height=\"397\" src=\"http:\/\/seucrediario.com.br\/wp-content\/uploads\/2025\/12\/mbr-596x397-2.jpg\" alt=\"\" class=\"wp-image-106\" srcset=\"https:\/\/seucrediario.com.br\/wp-content\/uploads\/2025\/12\/mbr-596x397-2.jpg 596w, https:\/\/seucrediario.com.br\/wp-content\/uploads\/2025\/12\/mbr-596x397-2-300x200.jpg 300w\" sizes=\"(max-width: 596px) 100vw, 596px\" \/><\/figure>\n\n\n\n<h4 class=\"wp-block-heading has-text-align-center\"><strong><strong>Refor\u00e7ar o capital de giro<\/strong><\/strong><\/h4>\n<\/div>\n\n\n\n<div class=\"wp-block-group is-layout-grid wp-container-core-group-is-layout-478b6e6b wp-block-group-is-layout-grid\">\n<figure class=\"wp-block-image size-full wp-container-content-69bc4bdf\"><img loading=\"lazy\" decoding=\"async\" width=\"1920\" height=\"1280\" src=\"http:\/\/seucrediario.com.br\/wp-content\/uploads\/2025\/12\/mbr.jpg\" alt=\"\" class=\"wp-image-107\" style=\"object-fit:cover\" srcset=\"https:\/\/seucrediario.com.br\/wp-content\/uploads\/2025\/12\/mbr.jpg 1920w, https:\/\/seucrediario.com.br\/wp-content\/uploads\/2025\/12\/mbr-300x200.jpg 300w, https:\/\/seucrediario.com.br\/wp-content\/uploads\/2025\/12\/mbr-1024x683.jpg 1024w, https:\/\/seucrediario.com.br\/wp-content\/uploads\/2025\/12\/mbr-768x512.jpg 768w, https:\/\/seucrediario.com.br\/wp-content\/uploads\/2025\/12\/mbr-1536x1024.jpg 1536w\" sizes=\"(max-width: 1920px) 100vw, 1920px\" \/><\/figure>\n\n\n\n<p><\/p>\n\n\n\n<h4 class=\"wp-block-heading has-text-align-center\"><strong><strong>Expandir sua opera\u00e7\u00e3o com seguran\u00e7a<\/strong><\/strong><br><br><\/h4>\n<\/div>\n\n\n\n<div class=\"wp-block-group is-layout-grid wp-container-core-group-is-layout-478b6e6b wp-block-group-is-layout-grid\">\n<figure class=\"wp-block-image size-full\"><img loading=\"lazy\" decoding=\"async\" width=\"1920\" height=\"1280\" src=\"http:\/\/seucrediario.com.br\/wp-content\/uploads\/2025\/12\/mbr-1920x1280-1.jpg\" alt=\"\" class=\"wp-image-108\" srcset=\"https:\/\/seucrediario.com.br\/wp-content\/uploads\/2025\/12\/mbr-1920x1280-1.jpg 1920w, https:\/\/seucrediario.com.br\/wp-content\/uploads\/2025\/12\/mbr-1920x1280-1-300x200.jpg 300w, https:\/\/seucrediario.com.br\/wp-content\/uploads\/2025\/12\/mbr-1920x1280-1-1024x683.jpg 1024w, https:\/\/seucrediario.com.br\/wp-content\/uploads\/2025\/12\/mbr-1920x1280-1-768x512.jpg 768w, https:\/\/seucrediario.com.br\/wp-content\/uploads\/2025\/12\/mbr-1920x1280-1-1536x1024.jpg 1536w\" sizes=\"(max-width: 1920px) 100vw, 1920px\" \/><\/figure>\n\n\n\n<h4 class=\"wp-block-heading has-text-align-center\"><strong><strong>Expandir sua opera\u00e7\u00e3o com seguran\u00e7a<\/strong><\/strong><\/h4>\n<\/div>\n<\/div>\n\n\n\n<h1 class=\"wp-block-heading alignwide has-text-align-center\" style=\"font-size:49px\"><strong>Seus clientes compram hoje, mas voc\u00ea s\u00f3 recebe daqui a 30, 60 ou at\u00e9 90 dias?<\/strong><\/h1>\n\n\n\n<p class=\"has-text-align-center has-medium-font-size\"><strong>Chega de sufoco financeiro! Com a antecipa\u00e7\u00e3o de receb\u00edveis do SEU CREDI\u00c1RIO, voc\u00ea garante capital imediato para investir no seu neg\u00f3cio sem precisar recorrer a empr\u00e9stimos banc\u00e1rios.<\/strong><\/p>\n\n\n\n<figure class=\"wp-block-image aligncenter size-large\"><img loading=\"lazy\" decoding=\"async\" width=\"1024\" height=\"682\" src=\"http:\/\/seucrediario.com.br\/wp-content\/uploads\/2025\/12\/mbr-1538x1025-1-1024x682.jpg\" alt=\"\" class=\"wp-image-110\" srcset=\"https:\/\/seucrediario.com.br\/wp-content\/uploads\/2025\/12\/mbr-1538x1025-1-1024x682.jpg 1024w, https:\/\/seucrediario.com.br\/wp-content\/uploads\/2025\/12\/mbr-1538x1025-1-300x200.jpg 300w, https:\/\/seucrediario.com.br\/wp-content\/uploads\/2025\/12\/mbr-1538x1025-1-768x512.jpg 768w, https:\/\/seucrediario.com.br\/wp-content\/uploads\/2025\/12\/mbr-1538x1025-1-1536x1024.jpg 1536w, https:\/\/seucrediario.com.br\/wp-content\/uploads\/2025\/12\/mbr-1538x1025-1.jpg 1538w\" sizes=\"(max-width: 1024px) 100vw, 1024px\" \/><\/figure>\n","protected":false},"excerpt":{"rendered":"<p>Transforme suas vendas a prazo no Credi\u00e1rio em capital imediato! Antecipe seus receb\u00edveis e mantenha o fluxo de caixa saud\u00e1vel [&hellip;]<\/p>\n","protected":false},"author":1,"featured_media":0,"parent":0,"menu_order":0,"comment_status":"closed","ping_status":"closed","template":"","meta":{"site-sidebar-layout":"default","site-content-layout":"","ast-site-content-layout":"default","site-content-style":"default","site-sidebar-style":"default","ast-global-header-display":"","ast-banner-title-visibility":"","ast-main-header-display":"","ast-hfb-above-header-display":"","ast-hfb-below-header-display":"","ast-hfb-mobile-header-display":"","site-post-title":"","ast-breadcrumbs-content":"","ast-featured-img":"","footer-sml-layout":"","theme-transparent-header-meta":"","adv-header-id-meta":"","stick-header-meta":"","header-above-stick-meta":"","header-main-stick-meta":"","header-below-stick-meta":"","astra-migrate-meta-layouts":"default","ast-page-background-enabled":"default","ast-page-background-meta":{"desktop":{"background-color":"var(--ast-global-color-5)","background-image":"","background-repeat":"repeat","background-position":"center center","background-size":"auto","background-attachment":"scroll","background-type":"","background-media":"","overlay-type":"","overlay-color":"","overlay-opacity":"","overlay-gradient":""},"tablet":{"background-color":"","background-image":"","background-repeat":"repeat","background-position":"center center","background-size":"auto","background-attachment":"scroll","background-type":"","background-media":"","overlay-type":"","overlay-color":"","overlay-opacity":"","overlay-gradient":""},"mobile":{"background-color":"","background-image":"","background-repeat":"repeat","background-position":"center center","background-size":"auto","background-attachment":"scroll","background-type":"","background-media":"","overlay-type":"","overlay-color":"","overlay-opacity":"","overlay-gradient":""}},"ast-content-background-meta":{"desktop":{"background-color":"var(--ast-global-color-4)","background-image":"","background-repeat":"repeat","background-position":"center center","background-size":"auto","background-attachment":"scroll","background-type":"","background-media":"","overlay-type":"","overlay-color":"","overlay-opacity":"","overlay-gradient":""},"tablet":{"background-color":"var(--ast-global-color-4)","background-image":"","background-repeat":"repeat","background-position":"center center","background-size":"auto","background-attachment":"scroll","background-type":"","background-media":"","overlay-type":"","overlay-color":"","overlay-opacity":"","overlay-gradient":""},"mobile":{"background-color":"var(--ast-global-color-4)","background-image":"","background-repeat":"repeat","background-position":"center center","background-size":"auto","background-attachment":"scroll","background-type":"","background-media":"","overlay-type":"","overlay-color":"","overlay-opacity":"","overlay-gradient":""}},"footnotes":""},"class_list":["post-86","page","type-page","status-publish","hentry"],"jetpack_sharing_enabled":true,"_links":{"self":[{"href":"https:\/\/seucrediario.com.br\/index.php?rest_route=\/wp\/v2\/pages\/86","targetHints":{"allow":["GET"]}}],"collection":[{"href":"https:\/\/seucrediario.com.br\/index.php?rest_route=\/wp\/v2\/pages"}],"about":[{"href":"https:\/\/seucrediario.com.br\/index.php?rest_route=\/wp\/v2\/types\/page"}],"author":[{"embeddable":true,"href":"https:\/\/seucrediario.com.br\/index.php?rest_route=\/wp\/v2\/users\/1"}],"replies":[{"embeddable":true,"href":"https:\/\/seucrediario.com.br\/index.php?rest_route=%2Fwp%2Fv2%2Fcomments&post=86"}],"version-history":[{"count":10,"href":"https:\/\/seucrediario.com.br\/index.php?rest_route=\/wp\/v2\/pages\/86\/revisions"}],"predecessor-version":[{"id":113,"href":"https:\/\/seucrediario.com.br\/index.php?rest_route=\/wp\/v2\/pages\/86\/revisions\/113"}],"wp:attachment":[{"href":"https:\/\/seucrediario.com.br\/index.php?rest_route=%2Fwp%2Fv2%2Fmedia&parent=86"}],"curies":[{"name":"wp","href":"https:\/\/api.w.org\/{rel}","templated":true}]}}